{"id":12146,"date":"2019-12-16T14:32:41","date_gmt":"2019-12-16T13:32:41","guid":{"rendered":"https:\/\/www.tapisseriesdeflandres.com\/product\/tapestry-the-offering-of-the-heart\/"},"modified":"2025-10-21T10:18:53","modified_gmt":"2025-10-21T08:18:53","slug":"tapestry-the-offering-of-the-heart","status":"publish","type":"product","link":"https:\/\/www.tapisseriesdeflandres.com\/en\/product\/tapestry-the-offering-of-the-heart\/","title":{"rendered":"Tapestry The offering of the heart"},"content":{"rendered":"<div id=\"description_content\" class=\"rte\">This jacquard tapestry is a reproduction of the &#8220;Offering of the Heart&#8221; tapestry in the Louvre. It dates from the early 15th century. It is a extract offered in association with the R\u00e9union des Mus\u00e9es Nationaux Fran\u00e7ais. Woven at the time in A rras, it retains a perfect freshness of color. It depicts a scene emblematic of courtly love.<\/div>\n<div class=\"rte\">The reproduction is woven in cotton, lined in unbleached cotton canvas with a hanging loop, and comes with a certificate of authenticity.<\/div>\n<div id=\"short_description_content\" class=\"rte short\">Like all our tapestries, it is created, woven and made in workshops in France.<\/div>\n","protected":false},"excerpt":{"rendered":"<p>medieval tapestry<\/p>\n","protected":false},"featured_media":2899,"comment_status":"open","ping_status":"closed","template":"","meta":{"_acf_changed":false},"product_brand":[],"product_cat":[1156,1106,1102,1127,1150,1109],"product_tag":[],"class_list":{"0":"post-12146","1":"product","2":"type-product","3":"status-publish","4":"has-post-thumbnail","6":"product_factory-tapisserie-art-de-lys-en","7":"product_cat-point-jacquard-weave","8":"product_cat-collections","9":"product_cat-medieval-tapestries","10":"product_cat-medieval-history-and-legends","11":"product_cat-small-vertical-tapestries","12":"product_cat-tapestries","13":"pa_condition-new-en","14":"pa_lieudefabrication-france-en","15":"pa_matiere-72coton_25viscose_3polyester-en","16":"pa_taille-100x75cm-en","18":"first","19":"instock","20":"taxable","21":"shipping-taxable","22":"purchasable","23":"product-type-variable"},"acf":[],"yoast_head":"<!-- This site is optimized with the Yoast SEO plugin v27.4 - https:\/\/yoast.com\/product\/yoast-seo-wordpress\/ -->\n<title>Tapestry of L&#039;Offrande du Coeur Jacquard stitch<\/title>\n<meta name=\"description\" content=\"Find on our online store this magnificent reproduction of the tapestry Offrande du coeur made by the Art de Lys factory in Jacquard stitch.\" \/>\n<meta name=\"robots\" content=\"index, follow, max-snippet:-1, max-image-preview:large, max-video-preview:-1\" \/>\n<link rel=\"canonical\" href=\"https:\/\/www.tapisseriesdeflandres.com\/en\/product\/tapestry-the-offering-of-the-heart\/\" \/>\n<meta property=\"og:locale\" content=\"en_US\" \/>\n<meta property=\"og:type\" content=\"article\" \/>\n<meta property=\"og:title\" content=\"Tapestry of L&#039;Offrande du Coeur Jacquard stitch\" \/>\n<meta property=\"og:description\" content=\"Find on our online store this magnificent reproduction of the tapestry Offrande du coeur made by the Art de Lys factory in Jacquard stitch.\" \/>\n<meta property=\"og:url\" content=\"https:\/\/www.tapisseriesdeflandres.com\/en\/product\/tapestry-the-offering-of-the-heart\/\" \/>\n<meta property=\"og:site_name\" content=\"Tapisseries de Flandres\" \/>\n<meta property=\"article:modified_time\" content=\"2025-10-21T08:18:53+00:00\" \/>\n<meta property=\"og:image\" content=\"https:\/\/www.tapisseriesdeflandres.com\/wp-content\/uploads\/2019\/12\/3318-Offrande-du-coeur-tapisserie.jpg\" \/>\n\t<meta property=\"og:image:width\" content=\"1200\" \/>\n\t<meta property=\"og:image:height\" content=\"1200\" \/>\n\t<meta property=\"og:image:type\" content=\"image\/jpeg\" \/>\n<meta name=\"twitter:card\" content=\"summary_large_image\" \/>\n<meta name=\"twitter:label1\" content=\"Est. reading time\" \/>\n\t<meta name=\"twitter:data1\" content=\"1 minute\" \/>\n<!-- \/ Yoast SEO plugin. -->","yoast_head_json":{"title":"Tapestry of L'Offrande du Coeur Jacquard stitch","description":"Find on our online store this magnificent reproduction of the tapestry Offrande du coeur made by the Art de Lys factory in Jacquard stitch.","robots":{"index":"index","follow":"follow","max-snippet":"max-snippet:-1","max-image-preview":"max-image-preview:large","max-video-preview":"max-video-preview:-1"},"canonical":"https:\/\/www.tapisseriesdeflandres.com\/en\/product\/tapestry-the-offering-of-the-heart\/","og_locale":"en_US","og_type":"article","og_title":"Tapestry of L'Offrande du Coeur Jacquard stitch","og_description":"Find on our online store this magnificent reproduction of the tapestry Offrande du coeur made by the Art de Lys factory in Jacquard stitch.","og_url":"https:\/\/www.tapisseriesdeflandres.com\/en\/product\/tapestry-the-offering-of-the-heart\/","og_site_name":"Tapisseries de Flandres","article_modified_time":"2025-10-21T08:18:53+00:00","og_image":[{"width":1200,"height":1200,"url":"https:\/\/www.tapisseriesdeflandres.com\/wp-content\/uploads\/2019\/12\/3318-Offrande-du-coeur-tapisserie.jpg","type":"image\/jpeg"}],"twitter_card":"summary_large_image","twitter_misc":{"Est. reading time":"1 minute"},"schema":{"@context":"https:\/\/schema.org","@graph":[{"@type":"WebPage","@id":"https:\/\/www.tapisseriesdeflandres.com\/en\/product\/tapestry-the-offering-of-the-heart\/","url":"https:\/\/www.tapisseriesdeflandres.com\/en\/product\/tapestry-the-offering-of-the-heart\/","name":"Tapestry of L'Offrande du Coeur Jacquard stitch","isPartOf":{"@id":"https:\/\/www.tapisseriesdeflandres.com\/en\/#website"},"primaryImageOfPage":{"@id":"https:\/\/www.tapisseriesdeflandres.com\/en\/product\/tapestry-the-offering-of-the-heart\/#primaryimage"},"image":{"@id":"https:\/\/www.tapisseriesdeflandres.com\/en\/product\/tapestry-the-offering-of-the-heart\/#primaryimage"},"thumbnailUrl":"https:\/\/www.tapisseriesdeflandres.com\/wp-content\/uploads\/2019\/12\/3318-Offrande-du-coeur-tapisserie.jpg","datePublished":"2019-12-16T13:32:41+00:00","dateModified":"2025-10-21T08:18:53+00:00","description":"Find on our online store this magnificent reproduction of the tapestry Offrande du coeur made by the Art de Lys factory in Jacquard stitch.","breadcrumb":{"@id":"https:\/\/www.tapisseriesdeflandres.com\/en\/product\/tapestry-the-offering-of-the-heart\/#breadcrumb"},"inLanguage":"en-US","potentialAction":[{"@type":"ReadAction","target":["https:\/\/www.tapisseriesdeflandres.com\/en\/product\/tapestry-the-offering-of-the-heart\/"]}]},{"@type":"ImageObject","inLanguage":"en-US","@id":"https:\/\/www.tapisseriesdeflandres.com\/en\/product\/tapestry-the-offering-of-the-heart\/#primaryimage","url":"https:\/\/www.tapisseriesdeflandres.com\/wp-content\/uploads\/2019\/12\/3318-Offrande-du-coeur-tapisserie.jpg","contentUrl":"https:\/\/www.tapisseriesdeflandres.com\/wp-content\/uploads\/2019\/12\/3318-Offrande-du-coeur-tapisserie.jpg","width":1200,"height":1200,"caption":"Heart offering, tapestry"},{"@type":"BreadcrumbList","@id":"https:\/\/www.tapisseriesdeflandres.com\/en\/product\/tapestry-the-offering-of-the-heart\/#breadcrumb","itemListElement":[{"@type":"ListItem","position":1,"name":"Accueil","item":"https:\/\/www.tapisseriesdeflandres.com\/"},{"@type":"ListItem","position":2,"name":"Shop","item":"https:\/\/www.tapisseriesdeflandres.com\/en\/shop\/"},{"@type":"ListItem","position":3,"name":"Tapestry The offering of the heart"}]},{"@type":"WebSite","@id":"https:\/\/www.tapisseriesdeflandres.com\/en\/#website","url":"https:\/\/www.tapisseriesdeflandres.com\/en\/","name":"Tapisseries de Flandres","description":"","publisher":{"@id":"https:\/\/www.tapisseriesdeflandres.com\/en\/#organization"},"potentialAction":[{"@type":"SearchAction","target":{"@type":"EntryPoint","urlTemplate":"https:\/\/www.tapisseriesdeflandres.com\/en\/?s={search_term_string}"},"query-input":{"@type":"PropertyValueSpecification","valueRequired":true,"valueName":"search_term_string"}}],"inLanguage":"en-US"},{"@type":"Organization","@id":"https:\/\/www.tapisseriesdeflandres.com\/en\/#organization","name":"Tapisseries de Flandres","url":"https:\/\/www.tapisseriesdeflandres.com\/en\/","logo":{"@type":"ImageObject","inLanguage":"en-US","@id":"https:\/\/www.tapisseriesdeflandres.com\/en\/#\/schema\/logo\/image\/","url":"https:\/\/www.tapisseriesdeflandres.com\/wp-content\/uploads\/2024\/07\/CPN_-Logo.png","contentUrl":"https:\/\/www.tapisseriesdeflandres.com\/wp-content\/uploads\/2024\/07\/CPN_-Logo.png","width":514,"height":182,"caption":"Tapisseries de Flandres"},"image":{"@id":"https:\/\/www.tapisseriesdeflandres.com\/en\/#\/schema\/logo\/image\/"}}]}},"_links":{"self":[{"href":"https:\/\/www.tapisseriesdeflandres.com\/en\/wp-json\/wp\/v2\/product\/12146","targetHints":{"allow":["GET"]}}],"collection":[{"href":"https:\/\/www.tapisseriesdeflandres.com\/en\/wp-json\/wp\/v2\/product"}],"about":[{"href":"https:\/\/www.tapisseriesdeflandres.com\/en\/wp-json\/wp\/v2\/types\/product"}],"replies":[{"embeddable":true,"href":"https:\/\/www.tapisseriesdeflandres.com\/en\/wp-json\/wp\/v2\/comments?post=12146"}],"wp:featuredmedia":[{"embeddable":true,"href":"https:\/\/www.tapisseriesdeflandres.com\/en\/wp-json\/wp\/v2\/media\/2899"}],"wp:attachment":[{"href":"https:\/\/www.tapisseriesdeflandres.com\/en\/wp-json\/wp\/v2\/media?parent=12146"}],"wp:term":[{"taxonomy":"product_brand","embeddable":true,"href":"https:\/\/www.tapisseriesdeflandres.com\/en\/wp-json\/wp\/v2\/product_brand?post=12146"},{"taxonomy":"product_cat","embeddable":true,"href":"https:\/\/www.tapisseriesdeflandres.com\/en\/wp-json\/wp\/v2\/product_cat?post=12146"},{"taxonomy":"product_tag","embeddable":true,"href":"https:\/\/www.tapisseriesdeflandres.com\/en\/wp-json\/wp\/v2\/product_tag?post=12146"}],"curies":[{"name":"wp","href":"https:\/\/api.w.org\/{rel}","templated":true}]}}