{"id":12077,"date":"2019-09-16T12:13:19","date_gmt":"2019-09-16T10:13:19","guid":{"rendered":"https:\/\/www.tapisseriesdeflandres.com\/product\/the-dream-picasso-tapestry\/"},"modified":"2026-03-12T19:13:49","modified_gmt":"2026-03-12T18:13:49","slug":"the-dream-picasso-tapestry","status":"publish","type":"product","link":"https:\/\/www.tapisseriesdeflandres.com\/en\/product\/the-dream-picasso-tapestry\/","title":{"rendered":"The dream, Picasso tapestry"},"content":{"rendered":"<p>Beautiful reproduction of Picasso&#8217;s painting &#8220;Le R\u00eave&#8221;. Painted in 1932, this canvas depicts the portrait of Marie-Th\u00e9r\u00e8se, Picasso&#8217;s new companion, after his separation from his wife Olga.   <\/p>\n<p><span>Marie-Th\u00e9r\u00e8se&#8217;s curves and curves are soft and feminine. As the painting&#8217;s name suggests, she is in the midst of a dream. Her head bent, she leans on her slightly raised shoulder, leaving her throat free for kisses on the opposite side. Her body is relaxed and half uncovered.   <\/span><\/p>\n<p><span><span>This canvas is dotted with vivid colors. Red, green and yellow dominate in a harmonious confrontation. Complementary hues give relief to the whole work.  <\/span><\/span><\/p>\n<p><span>This tapestry is a perfect representation of this painting. Manufactured in a factory in northern France in collaboration with   <span>This tapestry, created by the artists&#8217; heirs, closely respects the original design and colors of the painting. It features <\/span>  the effect of the paint and the brushstroke through weave and weft effects. This success was made possible, among other things, by the factory&#8217;s workers, who were voted &#8220;meilleurs ouvriers de France&#8221;. <\/span><\/p>\n<\/p><\/p>\n","protected":false},"excerpt":{"rendered":"<p>Reproduction of Picasso&#8217;s &#8220;Le r\u00eave<\/p>\n","protected":false},"featured_media":2659,"comment_status":"open","ping_status":"closed","template":"","meta":{"_acf_changed":false},"product_brand":[],"product_cat":[1156,1105,1148,1122,1150,1109],"product_tag":[],"class_list":{"0":"post-12077","1":"product","2":"type-product","3":"status-publish","4":"has-post-thumbnail","6":"product_factory-tapestry-pansu","7":"product_cat-point-jacquard-weave","8":"product_cat-20th-century-tapestry-contemporary","9":"product_cat-medium-vertical-tapestries","10":"product_cat-picasso","11":"product_cat-small-vertical-tapestries","12":"product_cat-tapestries","13":"pa_condition-new-en","14":"pa_lieudefabrication-france-en","15":"pa_matiere-75coton_25polyester-en","16":"pa_taille-120x90cm-en","18":"first","19":"instock","20":"taxable","21":"shipping-taxable","22":"purchasable","23":"product-type-variable","24":"has-default-attributes"},"acf":[],"yoast_head":"<!-- This site is optimized with the Yoast SEO plugin v27.4 - https:\/\/yoast.com\/product\/yoast-seo-wordpress\/ -->\n<title>The dream, Picasso tapestry - Tapisseries de Flandres<\/title>\n<meta name=\"robots\" content=\"index, follow, max-snippet:-1, max-image-preview:large, max-video-preview:-1\" \/>\n<link rel=\"canonical\" href=\"https:\/\/www.tapisseriesdeflandres.com\/en\/product\/the-dream-picasso-tapestry\/\" \/>\n<meta property=\"og:locale\" content=\"en_US\" \/>\n<meta property=\"og:type\" content=\"article\" \/>\n<meta property=\"og:title\" content=\"The dream, Picasso tapestry - Tapisseries de Flandres\" \/>\n<meta property=\"og:description\" content=\"Reproduction of Picasso&#039;s &quot;Le r\u00eave\" \/>\n<meta property=\"og:url\" content=\"https:\/\/www.tapisseriesdeflandres.com\/en\/product\/the-dream-picasso-tapestry\/\" \/>\n<meta property=\"og:site_name\" content=\"Tapisseries de Flandres\" \/>\n<meta property=\"article:modified_time\" content=\"2026-03-12T18:13:49+00:00\" \/>\n<meta property=\"og:image\" content=\"https:\/\/www.tapisseriesdeflandres.com\/wp-content\/uploads\/2019\/09\/3365-Le-reve-tapisserie-Picasso.jpg\" \/>\n\t<meta property=\"og:image:width\" content=\"1417\" \/>\n\t<meta property=\"og:image:height\" content=\"1822\" \/>\n\t<meta property=\"og:image:type\" content=\"image\/jpeg\" \/>\n<meta name=\"twitter:card\" content=\"summary_large_image\" \/>\n<meta name=\"twitter:label1\" content=\"Est. reading time\" \/>\n\t<meta name=\"twitter:data1\" content=\"1 minute\" \/>\n<!-- \/ Yoast SEO plugin. -->","yoast_head_json":{"title":"The dream, Picasso tapestry - Tapisseries de Flandres","robots":{"index":"index","follow":"follow","max-snippet":"max-snippet:-1","max-image-preview":"max-image-preview:large","max-video-preview":"max-video-preview:-1"},"canonical":"https:\/\/www.tapisseriesdeflandres.com\/en\/product\/the-dream-picasso-tapestry\/","og_locale":"en_US","og_type":"article","og_title":"The dream, Picasso tapestry - Tapisseries de Flandres","og_description":"Reproduction of Picasso's \"Le r\u00eave","og_url":"https:\/\/www.tapisseriesdeflandres.com\/en\/product\/the-dream-picasso-tapestry\/","og_site_name":"Tapisseries de Flandres","article_modified_time":"2026-03-12T18:13:49+00:00","og_image":[{"width":1417,"height":1822,"url":"https:\/\/www.tapisseriesdeflandres.com\/wp-content\/uploads\/2019\/09\/3365-Le-reve-tapisserie-Picasso.jpg","type":"image\/jpeg"}],"twitter_card":"summary_large_image","twitter_misc":{"Est. reading time":"1 minute"},"schema":{"@context":"https:\/\/schema.org","@graph":[{"@type":"WebPage","@id":"https:\/\/www.tapisseriesdeflandres.com\/en\/product\/the-dream-picasso-tapestry\/","url":"https:\/\/www.tapisseriesdeflandres.com\/en\/product\/the-dream-picasso-tapestry\/","name":"The dream, Picasso tapestry - Tapisseries de Flandres","isPartOf":{"@id":"https:\/\/www.tapisseriesdeflandres.com\/en\/#website"},"primaryImageOfPage":{"@id":"https:\/\/www.tapisseriesdeflandres.com\/en\/product\/the-dream-picasso-tapestry\/#primaryimage"},"image":{"@id":"https:\/\/www.tapisseriesdeflandres.com\/en\/product\/the-dream-picasso-tapestry\/#primaryimage"},"thumbnailUrl":"https:\/\/www.tapisseriesdeflandres.com\/wp-content\/uploads\/2019\/09\/3365-Le-reve-tapisserie-Picasso.jpg","datePublished":"2019-09-16T10:13:19+00:00","dateModified":"2026-03-12T18:13:49+00:00","breadcrumb":{"@id":"https:\/\/www.tapisseriesdeflandres.com\/en\/product\/the-dream-picasso-tapestry\/#breadcrumb"},"inLanguage":"en-US","potentialAction":[{"@type":"ReadAction","target":["https:\/\/www.tapisseriesdeflandres.com\/en\/product\/the-dream-picasso-tapestry\/"]}]},{"@type":"ImageObject","inLanguage":"en-US","@id":"https:\/\/www.tapisseriesdeflandres.com\/en\/product\/the-dream-picasso-tapestry\/#primaryimage","url":"https:\/\/www.tapisseriesdeflandres.com\/wp-content\/uploads\/2019\/09\/3365-Le-reve-tapisserie-Picasso.jpg","contentUrl":"https:\/\/www.tapisseriesdeflandres.com\/wp-content\/uploads\/2019\/09\/3365-Le-reve-tapisserie-Picasso.jpg","width":1417,"height":1822,"caption":"The dream, Picasso tapestry"},{"@type":"BreadcrumbList","@id":"https:\/\/www.tapisseriesdeflandres.com\/en\/product\/the-dream-picasso-tapestry\/#breadcrumb","itemListElement":[{"@type":"ListItem","position":1,"name":"Accueil","item":"https:\/\/www.tapisseriesdeflandres.com\/"},{"@type":"ListItem","position":2,"name":"Shop","item":"https:\/\/www.tapisseriesdeflandres.com\/en\/shop\/"},{"@type":"ListItem","position":3,"name":"The dream, Picasso tapestry"}]},{"@type":"WebSite","@id":"https:\/\/www.tapisseriesdeflandres.com\/en\/#website","url":"https:\/\/www.tapisseriesdeflandres.com\/en\/","name":"Tapisseries de Flandres","description":"","publisher":{"@id":"https:\/\/www.tapisseriesdeflandres.com\/en\/#organization"},"potentialAction":[{"@type":"SearchAction","target":{"@type":"EntryPoint","urlTemplate":"https:\/\/www.tapisseriesdeflandres.com\/en\/?s={search_term_string}"},"query-input":{"@type":"PropertyValueSpecification","valueRequired":true,"valueName":"search_term_string"}}],"inLanguage":"en-US"},{"@type":"Organization","@id":"https:\/\/www.tapisseriesdeflandres.com\/en\/#organization","name":"Tapisseries de Flandres","url":"https:\/\/www.tapisseriesdeflandres.com\/en\/","logo":{"@type":"ImageObject","inLanguage":"en-US","@id":"https:\/\/www.tapisseriesdeflandres.com\/en\/#\/schema\/logo\/image\/","url":"https:\/\/www.tapisseriesdeflandres.com\/wp-content\/uploads\/2024\/07\/CPN_-Logo.png","contentUrl":"https:\/\/www.tapisseriesdeflandres.com\/wp-content\/uploads\/2024\/07\/CPN_-Logo.png","width":514,"height":182,"caption":"Tapisseries de Flandres"},"image":{"@id":"https:\/\/www.tapisseriesdeflandres.com\/en\/#\/schema\/logo\/image\/"}}]}},"_links":{"self":[{"href":"https:\/\/www.tapisseriesdeflandres.com\/en\/wp-json\/wp\/v2\/product\/12077","targetHints":{"allow":["GET"]}}],"collection":[{"href":"https:\/\/www.tapisseriesdeflandres.com\/en\/wp-json\/wp\/v2\/product"}],"about":[{"href":"https:\/\/www.tapisseriesdeflandres.com\/en\/wp-json\/wp\/v2\/types\/product"}],"replies":[{"embeddable":true,"href":"https:\/\/www.tapisseriesdeflandres.com\/en\/wp-json\/wp\/v2\/comments?post=12077"}],"wp:featuredmedia":[{"embeddable":true,"href":"https:\/\/www.tapisseriesdeflandres.com\/en\/wp-json\/wp\/v2\/media\/2659"}],"wp:attachment":[{"href":"https:\/\/www.tapisseriesdeflandres.com\/en\/wp-json\/wp\/v2\/media?parent=12077"}],"wp:term":[{"taxonomy":"product_brand","embeddable":true,"href":"https:\/\/www.tapisseriesdeflandres.com\/en\/wp-json\/wp\/v2\/product_brand?post=12077"},{"taxonomy":"product_cat","embeddable":true,"href":"https:\/\/www.tapisseriesdeflandres.com\/en\/wp-json\/wp\/v2\/product_cat?post=12077"},{"taxonomy":"product_tag","embeddable":true,"href":"https:\/\/www.tapisseriesdeflandres.com\/en\/wp-json\/wp\/v2\/product_tag?post=12077"}],"curies":[{"name":"wp","href":"https:\/\/api.w.org\/{rel}","templated":true}]}}