{"id":12027,"date":"2019-02-25T09:15:24","date_gmt":"2019-02-25T08:15:24","guid":{"rendered":"https:\/\/www.tapisseriesdeflandres.com\/product\/woman-bird-star\/"},"modified":"2025-01-22T12:02:39","modified_gmt":"2025-01-22T11:02:39","slug":"woman-bird-star","status":"publish","type":"product","link":"https:\/\/www.tapisseriesdeflandres.com\/en\/product\/woman-bird-star\/","title":{"rendered":"Woman, bird, star"},"content":{"rendered":"<p>This tapestry is a reproduction of a painting by Joan Mir\u00f3 entitled &#8220;FEMME, OISEAU, \u00c9TOILE&#8221;. Joan Mir\u00f3 Ferra was born in Barcelona on April 20, 1893. From an early age, he attended art academies and exhibited his descriptive, colorist paintings at the Dalmau Gallery from 1918.  <\/p>\n<p><span>To mark the 135th anniversary of the &#8220;Pansu&#8221; factory in the north of France, these weavers have created a unique collection of tapestries and cushions based on a selection of Mir\u00f3 paintings. The canvas models were chosen in agreement with the Succession Mir\u00f3. Their aim was to offer products that would retain the color strength of Miro&#8217;s canvases, as well as the finesse of his lines.  <\/span><\/p>\n<\/p>\n<p>This tapestry is a reproduction of a painting by Joan Mir\u00f3 called &#8220;WOMAN, BIRD, STAR&#8221;. Joan Mir\u00f3 Ferra was born in Barcelona on 20 April 1893. At a very young age, he attended art academies and exhibited his descriptive and colourist paintings at the Dalmau Gallery from 1918.  <\/p>\n<p>On the occasion of the 135th anniversary of the &#8220;Pansu&#8221; factory, located in the north of the country, these weavers have created a unique collection of tapestries and cushions based on a selection of Mir\u00f3&#8217;s paintings. The canvas models were chosen in agreement with the Succession Mir\u00f3. Their aim was to offer products that would retain the strength of colour of Miro&#8217;s paintings as well as the finesse of the lines.  <\/p><\/p>\n","protected":false},"excerpt":{"rendered":"<p>Reproduction of a painting by Joan Mir\u00f3.<\/p>\n","protected":false},"featured_media":2525,"comment_status":"open","ping_status":"closed","template":"","meta":{"_acf_changed":false},"product_brand":[],"product_cat":[1156,1105,1142,1153,1106,1146,1119,1109],"product_tag":[1199,1278],"class_list":{"0":"post-12027","1":"product","2":"type-product","3":"status-publish","4":"has-post-thumbnail","6":"product_factory-tapestry-pansu","7":"product_cat-point-jacquard-weave","8":"product_cat-20th-century-tapestry-contemporary","9":"product_cat-best-sellers","10":"product_cat-big-size-tapestries","11":"product_cat-collections","12":"product_cat-large-vertical-tapestries","13":"product_cat-miro","14":"product_cat-tapestries","15":"product_tag-pansu-tapestry","16":"product_tag-tapestry-miro","17":"pa_condition-new-en","18":"pa_lieudefabrication-france-en","19":"pa_matiere-95coton_5polyester-en","20":"pa_taille-30-195x145cm69coton_28laine_-en","21":"pa_taille-7c-250x185cm69coton_28laine_-en","22":"pa_taille-95x70cm95coton_5polyesther-en","24":"first","25":"instock","26":"sale","27":"taxable","28":"shipping-taxable","29":"purchasable","30":"product-type-variable","31":"has-default-attributes"},"acf":[],"yoast_head":"<!-- This site is optimized with the Yoast SEO plugin v27.4 - https:\/\/yoast.com\/product\/yoast-seo-wordpress\/ -->\n<title>Tapestry Miro, woman, bird, star<\/title>\n<meta name=\"description\" content=\"Reproduction of Miro&#039;s famous painting &quot;Woman, Bird, Stole&quot;. Tapestry woven by Pansu.\" \/>\n<meta name=\"robots\" content=\"index, follow, max-snippet:-1, max-image-preview:large, max-video-preview:-1\" \/>\n<link rel=\"canonical\" href=\"https:\/\/www.tapisseriesdeflandres.com\/en\/product\/woman-bird-star\/\" \/>\n<meta property=\"og:locale\" content=\"en_US\" \/>\n<meta property=\"og:type\" content=\"article\" \/>\n<meta property=\"og:title\" content=\"Tapestry Miro, woman, bird, star\" \/>\n<meta property=\"og:description\" content=\"Reproduction of Miro&#039;s famous painting &quot;Woman, Bird, Stole&quot;. Tapestry woven by Pansu.\" \/>\n<meta property=\"og:url\" content=\"https:\/\/www.tapisseriesdeflandres.com\/en\/product\/woman-bird-star\/\" \/>\n<meta property=\"og:site_name\" content=\"Tapisseries de Flandres\" \/>\n<meta property=\"article:modified_time\" content=\"2025-01-22T11:02:39+00:00\" \/>\n<meta property=\"og:image\" content=\"https:\/\/www.tapisseriesdeflandres.com\/wp-content\/uploads\/2019\/02\/3266-Femme-oiseau-etoile.jpg\" \/>\n\t<meta property=\"og:image:width\" content=\"1071\" \/>\n\t<meta property=\"og:image:height\" content=\"1417\" \/>\n\t<meta property=\"og:image:type\" content=\"image\/jpeg\" \/>\n<meta name=\"twitter:card\" content=\"summary_large_image\" \/>\n<meta name=\"twitter:label1\" content=\"Est. reading time\" \/>\n\t<meta name=\"twitter:data1\" content=\"1 minute\" \/>\n<!-- \/ Yoast SEO plugin. -->","yoast_head_json":{"title":"Tapestry Miro, woman, bird, star","description":"Reproduction of Miro's famous painting \"Woman, Bird, Stole\". Tapestry woven by Pansu.","robots":{"index":"index","follow":"follow","max-snippet":"max-snippet:-1","max-image-preview":"max-image-preview:large","max-video-preview":"max-video-preview:-1"},"canonical":"https:\/\/www.tapisseriesdeflandres.com\/en\/product\/woman-bird-star\/","og_locale":"en_US","og_type":"article","og_title":"Tapestry Miro, woman, bird, star","og_description":"Reproduction of Miro's famous painting \"Woman, Bird, Stole\". Tapestry woven by Pansu.","og_url":"https:\/\/www.tapisseriesdeflandres.com\/en\/product\/woman-bird-star\/","og_site_name":"Tapisseries de Flandres","article_modified_time":"2025-01-22T11:02:39+00:00","og_image":[{"width":1071,"height":1417,"url":"https:\/\/www.tapisseriesdeflandres.com\/wp-content\/uploads\/2019\/02\/3266-Femme-oiseau-etoile.jpg","type":"image\/jpeg"}],"twitter_card":"summary_large_image","twitter_misc":{"Est. reading time":"1 minute"},"schema":{"@context":"https:\/\/schema.org","@graph":[{"@type":"WebPage","@id":"https:\/\/www.tapisseriesdeflandres.com\/en\/product\/woman-bird-star\/","url":"https:\/\/www.tapisseriesdeflandres.com\/en\/product\/woman-bird-star\/","name":"Tapestry Miro, woman, bird, star","isPartOf":{"@id":"https:\/\/www.tapisseriesdeflandres.com\/en\/#website"},"primaryImageOfPage":{"@id":"https:\/\/www.tapisseriesdeflandres.com\/en\/product\/woman-bird-star\/#primaryimage"},"image":{"@id":"https:\/\/www.tapisseriesdeflandres.com\/en\/product\/woman-bird-star\/#primaryimage"},"thumbnailUrl":"https:\/\/www.tapisseriesdeflandres.com\/wp-content\/uploads\/2019\/02\/3266-Femme-oiseau-etoile.jpg","datePublished":"2019-02-25T08:15:24+00:00","dateModified":"2025-01-22T11:02:39+00:00","description":"Reproduction of Miro's famous painting \"Woman, Bird, Stole\". Tapestry woven by Pansu.","breadcrumb":{"@id":"https:\/\/www.tapisseriesdeflandres.com\/en\/product\/woman-bird-star\/#breadcrumb"},"inLanguage":"en-US","potentialAction":[{"@type":"ReadAction","target":["https:\/\/www.tapisseriesdeflandres.com\/en\/product\/woman-bird-star\/"]}]},{"@type":"ImageObject","inLanguage":"en-US","@id":"https:\/\/www.tapisseriesdeflandres.com\/en\/product\/woman-bird-star\/#primaryimage","url":"https:\/\/www.tapisseriesdeflandres.com\/wp-content\/uploads\/2019\/02\/3266-Femme-oiseau-etoile.jpg","contentUrl":"https:\/\/www.tapisseriesdeflandres.com\/wp-content\/uploads\/2019\/02\/3266-Femme-oiseau-etoile.jpg","width":1071,"height":1417,"caption":"Woman, bird, star"},{"@type":"BreadcrumbList","@id":"https:\/\/www.tapisseriesdeflandres.com\/en\/product\/woman-bird-star\/#breadcrumb","itemListElement":[{"@type":"ListItem","position":1,"name":"Accueil","item":"https:\/\/www.tapisseriesdeflandres.com\/"},{"@type":"ListItem","position":2,"name":"Shop","item":"https:\/\/www.tapisseriesdeflandres.com\/en\/shop\/"},{"@type":"ListItem","position":3,"name":"Woman, bird, star"}]},{"@type":"WebSite","@id":"https:\/\/www.tapisseriesdeflandres.com\/en\/#website","url":"https:\/\/www.tapisseriesdeflandres.com\/en\/","name":"Tapisseries de Flandres","description":"","publisher":{"@id":"https:\/\/www.tapisseriesdeflandres.com\/en\/#organization"},"potentialAction":[{"@type":"SearchAction","target":{"@type":"EntryPoint","urlTemplate":"https:\/\/www.tapisseriesdeflandres.com\/en\/?s={search_term_string}"},"query-input":{"@type":"PropertyValueSpecification","valueRequired":true,"valueName":"search_term_string"}}],"inLanguage":"en-US"},{"@type":"Organization","@id":"https:\/\/www.tapisseriesdeflandres.com\/en\/#organization","name":"Tapisseries de Flandres","url":"https:\/\/www.tapisseriesdeflandres.com\/en\/","logo":{"@type":"ImageObject","inLanguage":"en-US","@id":"https:\/\/www.tapisseriesdeflandres.com\/en\/#\/schema\/logo\/image\/","url":"https:\/\/www.tapisseriesdeflandres.com\/wp-content\/uploads\/2024\/07\/CPN_-Logo.png","contentUrl":"https:\/\/www.tapisseriesdeflandres.com\/wp-content\/uploads\/2024\/07\/CPN_-Logo.png","width":514,"height":182,"caption":"Tapisseries de Flandres"},"image":{"@id":"https:\/\/www.tapisseriesdeflandres.com\/en\/#\/schema\/logo\/image\/"}}]}},"_links":{"self":[{"href":"https:\/\/www.tapisseriesdeflandres.com\/en\/wp-json\/wp\/v2\/product\/12027","targetHints":{"allow":["GET"]}}],"collection":[{"href":"https:\/\/www.tapisseriesdeflandres.com\/en\/wp-json\/wp\/v2\/product"}],"about":[{"href":"https:\/\/www.tapisseriesdeflandres.com\/en\/wp-json\/wp\/v2\/types\/product"}],"replies":[{"embeddable":true,"href":"https:\/\/www.tapisseriesdeflandres.com\/en\/wp-json\/wp\/v2\/comments?post=12027"}],"wp:featuredmedia":[{"embeddable":true,"href":"https:\/\/www.tapisseriesdeflandres.com\/en\/wp-json\/wp\/v2\/media\/2525"}],"wp:attachment":[{"href":"https:\/\/www.tapisseriesdeflandres.com\/en\/wp-json\/wp\/v2\/media?parent=12027"}],"wp:term":[{"taxonomy":"product_brand","embeddable":true,"href":"https:\/\/www.tapisseriesdeflandres.com\/en\/wp-json\/wp\/v2\/product_brand?post=12027"},{"taxonomy":"product_cat","embeddable":true,"href":"https:\/\/www.tapisseriesdeflandres.com\/en\/wp-json\/wp\/v2\/product_cat?post=12027"},{"taxonomy":"product_tag","embeddable":true,"href":"https:\/\/www.tapisseriesdeflandres.com\/en\/wp-json\/wp\/v2\/product_tag?post=12027"}],"curies":[{"name":"wp","href":"https:\/\/api.w.org\/{rel}","templated":true}]}}