{"id":11737,"date":"2016-08-17T14:40:41","date_gmt":"2016-08-17T12:40:41","guid":{"rendered":"https:\/\/www.tapisseriesdeflandres.com\/product\/a-mon-seul-desir-tapestry\/"},"modified":"2026-02-20T16:25:28","modified_gmt":"2026-02-20T15:25:28","slug":"a-mon-seul-desir-tapestry","status":"publish","type":"product","link":"https:\/\/www.tapisseriesdeflandres.com\/en\/product\/a-mon-seul-desir-tapestry\/","title":{"rendered":"A mon seul D\u00e9sir, tapestry"},"content":{"rendered":"<p><strong>A Mon Seul D\u00e9sir<\/strong> represents the last of the six hangings of La <strong>Dame \u00e0 La Licorne<\/strong>. Indeed, this work of art,<b>&#8220;La Dame \u00e0 la licorne&#8221;<\/b>, is a constitution of six hangings dating from the early French Renaissance, evoking an allegory of the <strong>five senses and desire<\/strong>. The work&#8217;s evocation of the five senses is enriched by the last hanging, <strong>A Mon Seul D\u00e9sir<\/strong>, which depicts the refusal of jewels, testifying to the Lady&#8217;s moral strength in mastering the power of her senses. The original tapestry was woven according to models characteristic of an important trend in Parisian art at the end of the 15th century. Today, this large tapestry can be seen in the Mus\u00e9e National du <strong>Moyen-\u00c2ge<\/strong> at the H\u00f4tel de Cluny in Paris. The<strong>&#8220;A mon seul d\u00e9sir<\/strong>&#8221; tapestry, pictured below, remains the best-known La Dame \u00e0 la Licorne hanging, although the <a href=\"https:\/\/www.tapisseriesdeflandres.com\/fr\/collections-tapisseries\/77-licorne-captive-tapisserie-art-de-lys.html\">La Licorne tapestry<\/a> is also of great interest to Unicorn enthusiasts! Please visit our page on the history of La <a href=\"https:\/\/www.tapisseriesdeflandres.com\/fr\/content\/18-la-dame-a-la-licorne\" target=\"_blank\" rel=\"noopener\">Dame \u00e0 La Licorne<\/a>, to find out more about this work and the <a href=\"https:\/\/www.tapisseriesdeflandres.com\/fr\/\">tapestries<\/a>.<\/p>\n","protected":false},"excerpt":{"rendered":"<p>A Mon Seul D\u00e9sir wall tapestry<\/p>\n","protected":false},"featured_media":409,"comment_status":"open","ping_status":"closed","template":"","meta":{"_acf_changed":false},"product_brand":[],"product_cat":[1158,1142,1106,1145,1102,1127,1147,1144,1149,1109,1130,1107,1155],"product_tag":[1224,1214,1225,1169],"class_list":{"0":"post-11737","1":"product","2":"type-product","3":"status-publish","4":"has-post-thumbnail","6":"product_factory-tapisserie-art-de-lys-en","7":"product_cat-point-de-flandres-weave","8":"product_cat-best-sellers","9":"product_cat-collections","10":"product_cat-large-horizontal-tapestries","11":"product_cat-medieval-tapestries","12":"product_cat-medieval-history-and-legends","13":"product_cat-medium-horizontal-tapestries","14":"product_cat-sizes","15":"product_cat-small-horizontal-tapestries","16":"product_cat-tapestries","17":"product_cat-the-lady-and-the-unicorn","18":"product_cat-time-period","19":"product_cat-weaves-types","20":"product_tag-tapestry-a-mon-seul-desir","21":"product_tag-tapestry-la-licorne","22":"product_tag-the-lady-with-the-unicorn","23":"product_tag-to-my-sole-desire","24":"pa_lieudefabrication-france-en","25":"pa_matiere-50laine_40coton-en","26":"pa_taille-110x150cm-en","27":"pa_taille-150x200cm-en","28":"pa_taille-85x110cm-en","30":"first","31":"instock","32":"taxable","33":"shipping-taxable","34":"purchasable","35":"product-type-variable","36":"has-default-attributes"},"acf":[],"yoast_head":"<!-- This site is optimized with the Yoast SEO plugin v27.4 - https:\/\/yoast.com\/product\/yoast-seo-wordpress\/ -->\n<title>A mon seul D\u00e9sir - tapestry<\/title>\n<meta name=\"description\" content=\"Find the A Mon Seul D\u00e9sir tapestry from the La Dame \u00e0 La Licorne series, several sizes available. Woven in France in Jacquard stitch.\" \/>\n<meta name=\"robots\" content=\"index, follow, max-snippet:-1, max-image-preview:large, max-video-preview:-1\" \/>\n<link rel=\"canonical\" href=\"https:\/\/www.tapisseriesdeflandres.com\/en\/product\/a-mon-seul-desir-tapestry\/\" \/>\n<meta property=\"og:locale\" content=\"en_US\" \/>\n<meta property=\"og:type\" content=\"article\" \/>\n<meta property=\"og:title\" content=\"A mon seul D\u00e9sir - tapestry\" \/>\n<meta property=\"og:description\" content=\"Find the A Mon Seul D\u00e9sir tapestry from the La Dame \u00e0 La Licorne series, several sizes available. Woven in France in Jacquard stitch.\" \/>\n<meta property=\"og:url\" content=\"https:\/\/www.tapisseriesdeflandres.com\/en\/product\/a-mon-seul-desir-tapestry\/\" \/>\n<meta property=\"og:site_name\" content=\"Tapisseries de Flandres\" \/>\n<meta property=\"article:modified_time\" content=\"2026-02-20T15:25:28+00:00\" \/>\n<meta property=\"og:image\" content=\"https:\/\/www.tapisseriesdeflandres.com\/wp-content\/uploads\/2016\/08\/2983-tapisserie-A-mon-seul-desir.jpg\" \/>\n\t<meta property=\"og:image:width\" content=\"800\" \/>\n\t<meta property=\"og:image:height\" content=\"610\" \/>\n\t<meta property=\"og:image:type\" content=\"image\/jpeg\" \/>\n<meta name=\"twitter:card\" content=\"summary_large_image\" \/>\n<meta name=\"twitter:label1\" content=\"Est. reading time\" \/>\n\t<meta name=\"twitter:data1\" content=\"1 minute\" \/>\n<!-- \/ Yoast SEO plugin. -->","yoast_head_json":{"title":"A mon seul D\u00e9sir - tapestry","description":"Find the A Mon Seul D\u00e9sir tapestry from the La Dame \u00e0 La Licorne series, several sizes available. Woven in France in Jacquard stitch.","robots":{"index":"index","follow":"follow","max-snippet":"max-snippet:-1","max-image-preview":"max-image-preview:large","max-video-preview":"max-video-preview:-1"},"canonical":"https:\/\/www.tapisseriesdeflandres.com\/en\/product\/a-mon-seul-desir-tapestry\/","og_locale":"en_US","og_type":"article","og_title":"A mon seul D\u00e9sir - tapestry","og_description":"Find the A Mon Seul D\u00e9sir tapestry from the La Dame \u00e0 La Licorne series, several sizes available. Woven in France in Jacquard stitch.","og_url":"https:\/\/www.tapisseriesdeflandres.com\/en\/product\/a-mon-seul-desir-tapestry\/","og_site_name":"Tapisseries de Flandres","article_modified_time":"2026-02-20T15:25:28+00:00","og_image":[{"width":800,"height":610,"url":"https:\/\/www.tapisseriesdeflandres.com\/wp-content\/uploads\/2016\/08\/2983-tapisserie-A-mon-seul-desir.jpg","type":"image\/jpeg"}],"twitter_card":"summary_large_image","twitter_misc":{"Est. reading time":"1 minute"},"schema":{"@context":"https:\/\/schema.org","@graph":[{"@type":"WebPage","@id":"https:\/\/www.tapisseriesdeflandres.com\/en\/product\/a-mon-seul-desir-tapestry\/","url":"https:\/\/www.tapisseriesdeflandres.com\/en\/product\/a-mon-seul-desir-tapestry\/","name":"A mon seul D\u00e9sir - tapestry","isPartOf":{"@id":"https:\/\/www.tapisseriesdeflandres.com\/en\/#website"},"primaryImageOfPage":{"@id":"https:\/\/www.tapisseriesdeflandres.com\/en\/product\/a-mon-seul-desir-tapestry\/#primaryimage"},"image":{"@id":"https:\/\/www.tapisseriesdeflandres.com\/en\/product\/a-mon-seul-desir-tapestry\/#primaryimage"},"thumbnailUrl":"https:\/\/www.tapisseriesdeflandres.com\/wp-content\/uploads\/2016\/08\/2983-tapisserie-A-mon-seul-desir.jpg","datePublished":"2016-08-17T12:40:41+00:00","dateModified":"2026-02-20T15:25:28+00:00","description":"Find the A Mon Seul D\u00e9sir tapestry from the La Dame \u00e0 La Licorne series, several sizes available. Woven in France in Jacquard stitch.","breadcrumb":{"@id":"https:\/\/www.tapisseriesdeflandres.com\/en\/product\/a-mon-seul-desir-tapestry\/#breadcrumb"},"inLanguage":"en-US","potentialAction":[{"@type":"ReadAction","target":["https:\/\/www.tapisseriesdeflandres.com\/en\/product\/a-mon-seul-desir-tapestry\/"]}]},{"@type":"ImageObject","inLanguage":"en-US","@id":"https:\/\/www.tapisseriesdeflandres.com\/en\/product\/a-mon-seul-desir-tapestry\/#primaryimage","url":"https:\/\/www.tapisseriesdeflandres.com\/wp-content\/uploads\/2016\/08\/2983-tapisserie-A-mon-seul-desir.jpg","contentUrl":"https:\/\/www.tapisseriesdeflandres.com\/wp-content\/uploads\/2016\/08\/2983-tapisserie-A-mon-seul-desir.jpg","width":800,"height":610,"caption":"A mon seul d\u00e9sir tapestry"},{"@type":"BreadcrumbList","@id":"https:\/\/www.tapisseriesdeflandres.com\/en\/product\/a-mon-seul-desir-tapestry\/#breadcrumb","itemListElement":[{"@type":"ListItem","position":1,"name":"Accueil","item":"https:\/\/www.tapisseriesdeflandres.com\/"},{"@type":"ListItem","position":2,"name":"Shop","item":"https:\/\/www.tapisseriesdeflandres.com\/en\/shop\/"},{"@type":"ListItem","position":3,"name":"A mon seul D\u00e9sir, tapestry"}]},{"@type":"WebSite","@id":"https:\/\/www.tapisseriesdeflandres.com\/en\/#website","url":"https:\/\/www.tapisseriesdeflandres.com\/en\/","name":"Tapisseries de Flandres","description":"","publisher":{"@id":"https:\/\/www.tapisseriesdeflandres.com\/en\/#organization"},"potentialAction":[{"@type":"SearchAction","target":{"@type":"EntryPoint","urlTemplate":"https:\/\/www.tapisseriesdeflandres.com\/en\/?s={search_term_string}"},"query-input":{"@type":"PropertyValueSpecification","valueRequired":true,"valueName":"search_term_string"}}],"inLanguage":"en-US"},{"@type":"Organization","@id":"https:\/\/www.tapisseriesdeflandres.com\/en\/#organization","name":"Tapisseries de Flandres","url":"https:\/\/www.tapisseriesdeflandres.com\/en\/","logo":{"@type":"ImageObject","inLanguage":"en-US","@id":"https:\/\/www.tapisseriesdeflandres.com\/en\/#\/schema\/logo\/image\/","url":"https:\/\/www.tapisseriesdeflandres.com\/wp-content\/uploads\/2024\/07\/CPN_-Logo.png","contentUrl":"https:\/\/www.tapisseriesdeflandres.com\/wp-content\/uploads\/2024\/07\/CPN_-Logo.png","width":514,"height":182,"caption":"Tapisseries de Flandres"},"image":{"@id":"https:\/\/www.tapisseriesdeflandres.com\/en\/#\/schema\/logo\/image\/"}}]}},"_links":{"self":[{"href":"https:\/\/www.tapisseriesdeflandres.com\/en\/wp-json\/wp\/v2\/product\/11737","targetHints":{"allow":["GET"]}}],"collection":[{"href":"https:\/\/www.tapisseriesdeflandres.com\/en\/wp-json\/wp\/v2\/product"}],"about":[{"href":"https:\/\/www.tapisseriesdeflandres.com\/en\/wp-json\/wp\/v2\/types\/product"}],"replies":[{"embeddable":true,"href":"https:\/\/www.tapisseriesdeflandres.com\/en\/wp-json\/wp\/v2\/comments?post=11737"}],"wp:featuredmedia":[{"embeddable":true,"href":"https:\/\/www.tapisseriesdeflandres.com\/en\/wp-json\/wp\/v2\/media\/409"}],"wp:attachment":[{"href":"https:\/\/www.tapisseriesdeflandres.com\/en\/wp-json\/wp\/v2\/media?parent=11737"}],"wp:term":[{"taxonomy":"product_brand","embeddable":true,"href":"https:\/\/www.tapisseriesdeflandres.com\/en\/wp-json\/wp\/v2\/product_brand?post=11737"},{"taxonomy":"product_cat","embeddable":true,"href":"https:\/\/www.tapisseriesdeflandres.com\/en\/wp-json\/wp\/v2\/product_cat?post=11737"},{"taxonomy":"product_tag","embeddable":true,"href":"https:\/\/www.tapisseriesdeflandres.com\/en\/wp-json\/wp\/v2\/product_tag?post=11737"}],"curies":[{"name":"wp","href":"https:\/\/api.w.org\/{rel}","templated":true}]}}