{"id":11174,"date":"2022-04-07T17:48:53","date_gmt":"2022-04-07T15:48:53","guid":{"rendered":"https:\/\/www.tapisseriesdeflandres.com\/tapestry-the-last-supper\/"},"modified":"2025-09-20T17:29:20","modified_gmt":"2025-09-20T15:29:20","slug":"tapestry-the-last-supper","status":"publish","type":"product","link":"https:\/\/www.tapisseriesdeflandres.com\/en\/product\/tapestry-the-last-supper\/","title":{"rendered":"Tapestry The Last Supper"},"content":{"rendered":"<p><strong>The <\/strong><b>Last Supper <\/b> <b>tapestry<\/b> was woven for Louise de Savoie and her son Fran\u00e7ois d&#8217;Angoul\u00eame, the future King Fran\u00e7ois 1er. The emblems woven into the border of the tapestry symbolize the Queen and her son. The 45 m\u00b2 tapestry (4.90 m high, 9.15 m long) was originally a late 15th-century fresco by Leonardo da Vinci for the Dominican convent of Santa Maria delle Grazie in Milan. The tapestry, woven by the Belgian atelier Metrax-Craye, is lined and comes with a certificate of authenticity on the back. <\/p>\n","protected":false},"excerpt":{"rendered":"<p>Ultima Cena tapestry<\/p>\n","protected":false},"featured_media":3813,"comment_status":"open","ping_status":"closed","template":"","meta":{"_acf_changed":false},"product_brand":[],"product_cat":[1156,1103,1127,1147,1163,1149,1109],"product_tag":[],"class_list":{"0":"post-11174","1":"product","2":"type-product","3":"status-publish","4":"has-post-thumbnail","6":"product_factory-tapisserie-metrax-craye-en","7":"product_cat-point-jacquard-weave","8":"product_cat-baroque-tapestry","9":"product_cat-medieval-history-and-legends","10":"product_cat-medium-horizontal-tapestries","11":"product_cat-religious","12":"product_cat-small-horizontal-tapestries","13":"product_cat-tapestries","14":"pa_condition-new-en","15":"pa_matiere-53viscose_41coton_6polyester-en","16":"pa_taille-65x165cm-en","18":"first","19":"instock","20":"taxable","21":"shipping-taxable","22":"purchasable","23":"product-type-variable","24":"has-default-attributes"},"acf":[],"yoast_head":"<!-- This site is optimized with the Yoast SEO plugin v27.4 - https:\/\/yoast.com\/product\/yoast-seo-wordpress\/ -->\n<title>Tapestry The Last Supper - religious tapestry | Metrax Craye | Point Jacquard<\/title>\n<meta name=\"description\" content=\"Reproduction of the Last Supper tapestry by Metrax - Craye woven in Jacquard stitch.\" \/>\n<meta name=\"robots\" content=\"index, follow, max-snippet:-1, max-image-preview:large, max-video-preview:-1\" \/>\n<link rel=\"canonical\" href=\"https:\/\/www.tapisseriesdeflandres.com\/en\/product\/tapestry-the-last-supper\/\" \/>\n<meta property=\"og:locale\" content=\"en_US\" \/>\n<meta property=\"og:type\" content=\"article\" \/>\n<meta property=\"og:title\" content=\"Tapestry The Last Supper - religious tapestry | Metrax Craye | Point Jacquard\" \/>\n<meta property=\"og:description\" content=\"Reproduction of the Last Supper tapestry by Metrax - Craye woven in Jacquard stitch.\" \/>\n<meta property=\"og:url\" content=\"https:\/\/www.tapisseriesdeflandres.com\/en\/product\/tapestry-the-last-supper\/\" \/>\n<meta property=\"og:site_name\" content=\"Tapisseries de Flandres\" \/>\n<meta property=\"article:modified_time\" content=\"2025-09-20T15:29:20+00:00\" \/>\n<meta property=\"og:image\" content=\"https:\/\/www.tapisseriesdeflandres.com\/wp-content\/uploads\/2022\/04\/3454-Tapisserie-La-Cene-scaled.jpg\" \/>\n\t<meta property=\"og:image:width\" content=\"2560\" \/>\n\t<meta property=\"og:image:height\" content=\"1122\" \/>\n\t<meta property=\"og:image:type\" content=\"image\/jpeg\" \/>\n<meta name=\"twitter:card\" content=\"summary_large_image\" \/>\n<!-- \/ Yoast SEO plugin. -->","yoast_head_json":{"title":"Tapestry The Last Supper - religious tapestry | Metrax Craye | Point Jacquard","description":"Reproduction of the Last Supper tapestry by Metrax - Craye woven in Jacquard stitch.","robots":{"index":"index","follow":"follow","max-snippet":"max-snippet:-1","max-image-preview":"max-image-preview:large","max-video-preview":"max-video-preview:-1"},"canonical":"https:\/\/www.tapisseriesdeflandres.com\/en\/product\/tapestry-the-last-supper\/","og_locale":"en_US","og_type":"article","og_title":"Tapestry The Last Supper - religious tapestry | Metrax Craye | Point Jacquard","og_description":"Reproduction of the Last Supper tapestry by Metrax - Craye woven in Jacquard stitch.","og_url":"https:\/\/www.tapisseriesdeflandres.com\/en\/product\/tapestry-the-last-supper\/","og_site_name":"Tapisseries de Flandres","article_modified_time":"2025-09-20T15:29:20+00:00","og_image":[{"width":2560,"height":1122,"url":"https:\/\/www.tapisseriesdeflandres.com\/wp-content\/uploads\/2022\/04\/3454-Tapisserie-La-Cene-scaled.jpg","type":"image\/jpeg"}],"twitter_card":"summary_large_image","schema":{"@context":"https:\/\/schema.org","@graph":[{"@type":"WebPage","@id":"https:\/\/www.tapisseriesdeflandres.com\/en\/product\/tapestry-the-last-supper\/","url":"https:\/\/www.tapisseriesdeflandres.com\/en\/product\/tapestry-the-last-supper\/","name":"Tapestry The Last Supper - religious tapestry | Metrax Craye | Point Jacquard","isPartOf":{"@id":"https:\/\/www.tapisseriesdeflandres.com\/en\/#website"},"primaryImageOfPage":{"@id":"https:\/\/www.tapisseriesdeflandres.com\/en\/product\/tapestry-the-last-supper\/#primaryimage"},"image":{"@id":"https:\/\/www.tapisseriesdeflandres.com\/en\/product\/tapestry-the-last-supper\/#primaryimage"},"thumbnailUrl":"https:\/\/www.tapisseriesdeflandres.com\/wp-content\/uploads\/2022\/04\/3454-Tapisserie-La-Cene-scaled.jpg","datePublished":"2022-04-07T15:48:53+00:00","dateModified":"2025-09-20T15:29:20+00:00","description":"Reproduction of the Last Supper tapestry by Metrax - Craye woven in Jacquard stitch.","breadcrumb":{"@id":"https:\/\/www.tapisseriesdeflandres.com\/en\/product\/tapestry-the-last-supper\/#breadcrumb"},"inLanguage":"en-US","potentialAction":[{"@type":"ReadAction","target":["https:\/\/www.tapisseriesdeflandres.com\/en\/product\/tapestry-the-last-supper\/"]}]},{"@type":"ImageObject","inLanguage":"en-US","@id":"https:\/\/www.tapisseriesdeflandres.com\/en\/product\/tapestry-the-last-supper\/#primaryimage","url":"https:\/\/www.tapisseriesdeflandres.com\/wp-content\/uploads\/2022\/04\/3454-Tapisserie-La-Cene-scaled.jpg","contentUrl":"https:\/\/www.tapisseriesdeflandres.com\/wp-content\/uploads\/2022\/04\/3454-Tapisserie-La-Cene-scaled.jpg","width":2560,"height":1122,"caption":"Tapestry The Last Supper"},{"@type":"BreadcrumbList","@id":"https:\/\/www.tapisseriesdeflandres.com\/en\/product\/tapestry-the-last-supper\/#breadcrumb","itemListElement":[{"@type":"ListItem","position":1,"name":"Accueil","item":"https:\/\/www.tapisseriesdeflandres.com\/"},{"@type":"ListItem","position":2,"name":"Shop","item":"https:\/\/www.tapisseriesdeflandres.com\/en\/shop\/"},{"@type":"ListItem","position":3,"name":"Tapestry The Last Supper"}]},{"@type":"WebSite","@id":"https:\/\/www.tapisseriesdeflandres.com\/en\/#website","url":"https:\/\/www.tapisseriesdeflandres.com\/en\/","name":"Tapisseries de Flandres","description":"","publisher":{"@id":"https:\/\/www.tapisseriesdeflandres.com\/en\/#organization"},"potentialAction":[{"@type":"SearchAction","target":{"@type":"EntryPoint","urlTemplate":"https:\/\/www.tapisseriesdeflandres.com\/en\/?s={search_term_string}"},"query-input":{"@type":"PropertyValueSpecification","valueRequired":true,"valueName":"search_term_string"}}],"inLanguage":"en-US"},{"@type":"Organization","@id":"https:\/\/www.tapisseriesdeflandres.com\/en\/#organization","name":"Tapisseries de Flandres","url":"https:\/\/www.tapisseriesdeflandres.com\/en\/","logo":{"@type":"ImageObject","inLanguage":"en-US","@id":"https:\/\/www.tapisseriesdeflandres.com\/en\/#\/schema\/logo\/image\/","url":"https:\/\/www.tapisseriesdeflandres.com\/wp-content\/uploads\/2024\/07\/CPN_-Logo.png","contentUrl":"https:\/\/www.tapisseriesdeflandres.com\/wp-content\/uploads\/2024\/07\/CPN_-Logo.png","width":514,"height":182,"caption":"Tapisseries de Flandres"},"image":{"@id":"https:\/\/www.tapisseriesdeflandres.com\/en\/#\/schema\/logo\/image\/"}}]}},"_links":{"self":[{"href":"https:\/\/www.tapisseriesdeflandres.com\/en\/wp-json\/wp\/v2\/product\/11174","targetHints":{"allow":["GET"]}}],"collection":[{"href":"https:\/\/www.tapisseriesdeflandres.com\/en\/wp-json\/wp\/v2\/product"}],"about":[{"href":"https:\/\/www.tapisseriesdeflandres.com\/en\/wp-json\/wp\/v2\/types\/product"}],"replies":[{"embeddable":true,"href":"https:\/\/www.tapisseriesdeflandres.com\/en\/wp-json\/wp\/v2\/comments?post=11174"}],"wp:featuredmedia":[{"embeddable":true,"href":"https:\/\/www.tapisseriesdeflandres.com\/en\/wp-json\/wp\/v2\/media\/3813"}],"wp:attachment":[{"href":"https:\/\/www.tapisseriesdeflandres.com\/en\/wp-json\/wp\/v2\/media?parent=11174"}],"wp:term":[{"taxonomy":"product_brand","embeddable":true,"href":"https:\/\/www.tapisseriesdeflandres.com\/en\/wp-json\/wp\/v2\/product_brand?post=11174"},{"taxonomy":"product_cat","embeddable":true,"href":"https:\/\/www.tapisseriesdeflandres.com\/en\/wp-json\/wp\/v2\/product_cat?post=11174"},{"taxonomy":"product_tag","embeddable":true,"href":"https:\/\/www.tapisseriesdeflandres.com\/en\/wp-json\/wp\/v2\/product_tag?post=11174"}],"curies":[{"name":"wp","href":"https:\/\/api.w.org\/{rel}","templated":true}]}}